{"id":6740,"date":"2022-09-09T00:21:42","date_gmt":"2022-09-08T21:21:42","guid":{"rendered":"https:\/\/www.morplastik.com\/?page_id=6740"},"modified":"2022-09-09T00:42:40","modified_gmt":"2022-09-08T21:42:40","slug":"uretim","status":"publish","type":"page","link":"https:\/\/www.morplastik.com\/?page_id=6740","title":{"rendered":"\u00dcRET\u0130M"},"content":{"rendered":"\t\t<div data-elementor-type=\"wp-page\" data-elementor-id=\"6740\" class=\"elementor elementor-6740\" data-elementor-post-type=\"page\">\n\t\t\t\t<div class=\"elementor-element elementor-element-f209491 e-con-full e-flex e-con e-parent\" data-id=\"f209491\" data-element_type=\"container\" data-settings=\"{&quot;content_width&quot;:&quot;full&quot;,&quot;background_background&quot;:&quot;classic&quot;}\" data-core-v316-plus=\"true\">\n\t\t\t\t<div class=\"elementor-element elementor-element-dc2f5e7 elementor-widget__width-auto elementor-widget elementor-widget-heading\" data-id=\"dc2f5e7\" data-element_type=\"widget\" data-widget_type=\"heading.default\">\n\t\t\t\t<div class=\"elementor-widget-container\">\n\t\t\t<style>\/*! elementor - v3.19.0 - 07-02-2024 *\/\n.elementor-heading-title{padding:0;margin:0;line-height:1}.elementor-widget-heading .elementor-heading-title[class*=elementor-size-]>a{color:inherit;font-size:inherit;line-height:inherit}.elementor-widget-heading .elementor-heading-title.elementor-size-small{font-size:15px}.elementor-widget-heading .elementor-heading-title.elementor-size-medium{font-size:19px}.elementor-widget-heading .elementor-heading-title.elementor-size-large{font-size:29px}.elementor-widget-heading .elementor-heading-title.elementor-size-xl{font-size:39px}.elementor-widget-heading .elementor-heading-title.elementor-size-xxl{font-size:59px}<\/style><h4 class=\"elementor-heading-title elementor-size-default\">\u00dcRET\u0130M<\/h4>\t\t<\/div>\n\t\t\t\t<\/div>\n\t\t\t\t<\/div>\n\t\t<div class=\"elementor-element elementor-element-0891ce2 e-con-full e-flex e-con e-parent\" data-id=\"0891ce2\" data-element_type=\"container\" data-settings=\"{&quot;content_width&quot;:&quot;full&quot;}\" data-core-v316-plus=\"true\">\n\t\t\t\t<div class=\"elementor-element elementor-element-fd20968 elementor-grid-3 elementor-grid-tablet-2 elementor-grid-mobile-1 elementor-posts--thumbnail-top elementor-card-shadow-yes elementor-posts__hover-gradient elementor-widget elementor-widget-posts\" data-id=\"fd20968\" data-element_type=\"widget\" data-settings=\"{&quot;cards_columns&quot;:&quot;3&quot;,&quot;cards_columns_tablet&quot;:&quot;2&quot;,&quot;cards_columns_mobile&quot;:&quot;1&quot;,&quot;cards_row_gap&quot;:{&quot;unit&quot;:&quot;px&quot;,&quot;size&quot;:35,&quot;sizes&quot;:[]},&quot;cards_row_gap_tablet&quot;:{&quot;unit&quot;:&quot;px&quot;,&quot;size&quot;:&quot;&quot;,&quot;sizes&quot;:[]},&quot;cards_row_gap_mobile&quot;:{&quot;unit&quot;:&quot;px&quot;,&quot;size&quot;:&quot;&quot;,&quot;sizes&quot;:[]}}\" data-widget_type=\"posts.cards\">\n\t\t\t\t<div class=\"elementor-widget-container\">\n\t\t\t<link rel=\"stylesheet\" href=\"https:\/\/www.morplastik.com\/wp-content\/plugins\/elementor-pro\/assets\/css\/widget-posts.min.css\">\t\t<div class=\"elementor-posts-container elementor-posts elementor-posts--skin-cards elementor-grid\">\n\t\t\t\t<article class=\"elementor-post elementor-grid-item post-5022 post type-post status-publish format-standard has-post-thumbnail hentry category-paketleme category-uretim\">\n\t\t\t<div class=\"elementor-post__card\">\n\t\t\t\t<a class=\"elementor-post__thumbnail__link\" href=\"https:\/\/www.morplastik.com\/?p=5022\" tabindex=\"-1\" ><div class=\"elementor-post__thumbnail\"><img fetchpriority=\"high\" decoding=\"async\" width=\"1024\" height=\"768\" src=\"https:\/\/www.morplastik.com\/wp-content\/uploads\/2020\/11\/WhatsApp-Image-2021-09-17-at-14.51.35-3-2.jpeg\" class=\"attachment-full size-full wp-image-5545\" alt=\"\" srcset=\"https:\/\/www.morplastik.com\/wp-content\/uploads\/2020\/11\/WhatsApp-Image-2021-09-17-at-14.51.35-3-2.jpeg 1024w, https:\/\/www.morplastik.com\/wp-content\/uploads\/2020\/11\/WhatsApp-Image-2021-09-17-at-14.51.35-3-2-600x450.jpeg 600w, https:\/\/www.morplastik.com\/wp-content\/uploads\/2020\/11\/WhatsApp-Image-2021-09-17-at-14.51.35-3-2-300x225.jpeg 300w, https:\/\/www.morplastik.com\/wp-content\/uploads\/2020\/11\/WhatsApp-Image-2021-09-17-at-14.51.35-3-2-768x576.jpeg 768w\" sizes=\"(max-width: 1024px) 100vw, 1024px\" \/><\/div><\/a>\n\t\t\t\t<div class=\"elementor-post__text\">\n\t\t\t\t<h3 class=\"elementor-post__title\">\n\t\t\t<a href=\"https:\/\/www.morplastik.com\/?p=5022\" >\n\t\t\t\tPaketleme ve Depolama\t\t\t<\/a>\n\t\t<\/h3>\n\t\t\t\t<div class=\"elementor-post__excerpt\">\n\t\t\t<p>Mor Plastik olarak, pratik \u00e7\u00f6z\u00fcmler konusunda ambalaj sekt\u00f6r\u00fcnde liderdir.Firmam\u0131z,vakum makinalar\u0131,ambalaj kapatma makinalar\u0131,torba a\u011fz\u0131 kapatma makinalar\u0131,ayakl\u0131 ambalaj yap\u0131\u015ft\u0131rma makinalar\u0131,masa \u00fcst\u00fc naylon yap\u0131\u015ft\u0131rma makinalar\u0131,pedall\u0131 s\u0131cak \u00e7ene t\u0131rt\u0131rl\u0131<\/p>\n\t\t<\/div>\n\t\t\t\t<\/div>\n\t\t\t\t\t<\/div>\n\t\t<\/article>\n\t\t\t\t<article class=\"elementor-post elementor-grid-item post-5018 post type-post status-publish format-standard has-post-thumbnail hentry category-dilimleme category-uretim\">\n\t\t\t<div class=\"elementor-post__card\">\n\t\t\t\t<a class=\"elementor-post__thumbnail__link\" href=\"https:\/\/www.morplastik.com\/?p=5018\" tabindex=\"-1\" ><div class=\"elementor-post__thumbnail\"><img decoding=\"async\" width=\"1280\" height=\"720\" src=\"https:\/\/www.morplastik.com\/wp-content\/uploads\/2020\/11\/maxresdefault-1-2.jpg\" class=\"attachment-full size-full wp-image-5516\" alt=\"\" srcset=\"https:\/\/www.morplastik.com\/wp-content\/uploads\/2020\/11\/maxresdefault-1-2.jpg 1280w, https:\/\/www.morplastik.com\/wp-content\/uploads\/2020\/11\/maxresdefault-1-2-600x338.jpg 600w, https:\/\/www.morplastik.com\/wp-content\/uploads\/2020\/11\/maxresdefault-1-2-300x169.jpg 300w, https:\/\/www.morplastik.com\/wp-content\/uploads\/2020\/11\/maxresdefault-1-2-1024x576.jpg 1024w, https:\/\/www.morplastik.com\/wp-content\/uploads\/2020\/11\/maxresdefault-1-2-768x432.jpg 768w\" sizes=\"(max-width: 1280px) 100vw, 1280px\" \/><\/div><\/a>\n\t\t\t\t<div class=\"elementor-post__text\">\n\t\t\t\t<h3 class=\"elementor-post__title\">\n\t\t\t<a href=\"https:\/\/www.morplastik.com\/?p=5018\" >\n\t\t\t\tDilimleme\t\t\t<\/a>\n\t\t<\/h3>\n\t\t\t\t<div class=\"elementor-post__excerpt\">\n\t\t\t<p>Elektronik par\u00e7a dilimleme kesme makinesi PVC plastik sac kesme makinesi Dilimleme makinalar\u0131, pvc lerin bilgisayar hassasiyeti ile kusursuz, kolay ve h\u0131zl\u0131 bir \u015fekilde dilimlenmelerine olanak<\/p>\n\t\t<\/div>\n\t\t\t\t<\/div>\n\t\t\t\t\t<\/div>\n\t\t<\/article>\n\t\t\t\t<article class=\"elementor-post elementor-grid-item post-5015 post type-post status-publish format-standard has-post-thumbnail hentry category-tozdan-pvc-levha category-uretim\">\n\t\t\t<div class=\"elementor-post__card\">\n\t\t\t\t<a class=\"elementor-post__thumbnail__link\" href=\"https:\/\/www.morplastik.com\/?p=5015\" tabindex=\"-1\" ><div class=\"elementor-post__thumbnail\"><img decoding=\"async\" width=\"781\" height=\"1172\" src=\"https:\/\/www.morplastik.com\/wp-content\/uploads\/2020\/11\/adsfdsgdsg-2.jpg\" class=\"attachment-full size-full wp-image-5531\" alt=\"\" srcset=\"https:\/\/www.morplastik.com\/wp-content\/uploads\/2020\/11\/adsfdsgdsg-2.jpg 781w, https:\/\/www.morplastik.com\/wp-content\/uploads\/2020\/11\/adsfdsgdsg-2-600x900.jpg 600w, https:\/\/www.morplastik.com\/wp-content\/uploads\/2020\/11\/adsfdsgdsg-2-200x300.jpg 200w, https:\/\/www.morplastik.com\/wp-content\/uploads\/2020\/11\/adsfdsgdsg-2-682x1024.jpg 682w, https:\/\/www.morplastik.com\/wp-content\/uploads\/2020\/11\/adsfdsgdsg-2-768x1152.jpg 768w\" sizes=\"(max-width: 781px) 100vw, 781px\" \/><\/div><\/a>\n\t\t\t\t<div class=\"elementor-post__text\">\n\t\t\t\t<h3 class=\"elementor-post__title\">\n\t\t\t<a href=\"https:\/\/www.morplastik.com\/?p=5015\" >\n\t\t\t\tTozdan PVC Levha\t\t\t<\/a>\n\t\t<\/h3>\n\t\t\t\t<div class=\"elementor-post__excerpt\">\n\t\t\t<p>PVC foam levhalar piyasada dekota ya da foreks olarakta bilinirler. Tam T\u00fcrk\u00e7e kar\u015f\u0131l\u0131\u011f\u0131 k\u00f6p\u00fck PVC levhad\u0131r .Hafif bir malzemedir. Dolay\u0131s\u0131yla i\u015fleme, ta\u015f\u0131ma ve istifleme rahatl\u0131\u011f\u0131<\/p>\n\t\t<\/div>\n\t\t\t\t<\/div>\n\t\t\t\t\t<\/div>\n\t\t<\/article>\n\t\t\t\t<\/div>\n\t\t\n\t\t\t\t<\/div>\n\t\t\t\t<\/div>\n\t\t\t\t<\/div>\n\t\t\t\t<\/div>\n\t\t","protected":false},"excerpt":{"rendered":"<p>\u00dcRET\u0130M<\/p>\n","protected":false},"author":1,"featured_media":0,"parent":0,"menu_order":0,"comment_status":"closed","ping_status":"closed","template":"elementor_theme","meta":{"footnotes":""},"class_list":["post-6740","page","type-page","status-publish","hentry"],"_links":{"self":[{"href":"https:\/\/www.morplastik.com\/index.php?rest_route=\/wp\/v2\/pages\/6740","targetHints":{"allow":["GET"]}}],"collection":[{"href":"https:\/\/www.morplastik.com\/index.php?rest_route=\/wp\/v2\/pages"}],"about":[{"href":"https:\/\/www.morplastik.com\/index.php?rest_route=\/wp\/v2\/types\/page"}],"author":[{"embeddable":true,"href":"https:\/\/www.morplastik.com\/index.php?rest_route=\/wp\/v2\/users\/1"}],"replies":[{"embeddable":true,"href":"https:\/\/www.morplastik.com\/index.php?rest_route=%2Fwp%2Fv2%2Fcomments&post=6740"}],"version-history":[{"count":4,"href":"https:\/\/www.morplastik.com\/index.php?rest_route=\/wp\/v2\/pages\/6740\/revisions"}],"predecessor-version":[{"id":6745,"href":"https:\/\/www.morplastik.com\/index.php?rest_route=\/wp\/v2\/pages\/6740\/revisions\/6745"}],"wp:attachment":[{"href":"https:\/\/www.morplastik.com\/index.php?rest_route=%2Fwp%2Fv2%2Fmedia&parent=6740"}],"curies":[{"name":"wp","href":"https:\/\/api.w.org\/{rel}","templated":true}]}}