{"id":5784,"date":"2022-06-03T03:16:44","date_gmt":"2022-06-03T00:16:44","guid":{"rendered":"https:\/\/morplastik.com\/?post_type=product&amp;p=5784"},"modified":"2022-06-03T03:16:44","modified_gmt":"2022-06-03T00:16:44","slug":"akcaagac","status":"publish","type":"product","link":"https:\/\/www.morplastik.com\/?product=akcaagac","title":{"rendered":"AK\u00c7AA\u011eA\u00c7"},"content":{"rendered":"","protected":false},"excerpt":{"rendered":"","protected":false},"featured_media":5785,"comment_status":"closed","ping_status":"closed","template":"","meta":[],"product_cat":[347,273],"product_tag":[46,176,272,274],"class_list":{"0":"post-5784","1":"product","2":"type-product","3":"status-publish","4":"has-post-thumbnail","6":"product_cat-desenli","7":"product_cat-pvc-kenar-bantlari","8":"product_tag-akcaagac","9":"product_tag-kenarbant","10":"product_tag-pvc","11":"product_tag-pvc-kenarbant","13":"first","14":"instock","15":"shipping-taxable","16":"product-type-simple"},"_links":{"self":[{"href":"https:\/\/www.morplastik.com\/index.php?rest_route=\/wp\/v2\/product\/5784","targetHints":{"allow":["GET"]}}],"collection":[{"href":"https:\/\/www.morplastik.com\/index.php?rest_route=\/wp\/v2\/product"}],"about":[{"href":"https:\/\/www.morplastik.com\/index.php?rest_route=\/wp\/v2\/types\/product"}],"replies":[{"embeddable":true,"href":"https:\/\/www.morplastik.com\/index.php?rest_route=%2Fwp%2Fv2%2Fcomments&post=5784"}],"wp:featuredmedia":[{"embeddable":true,"href":"https:\/\/www.morplastik.com\/index.php?rest_route=\/wp\/v2\/media\/5785"}],"wp:attachment":[{"href":"https:\/\/www.morplastik.com\/index.php?rest_route=%2Fwp%2Fv2%2Fmedia&parent=5784"}],"wp:term":[{"taxonomy":"product_cat","embeddable":true,"href":"https:\/\/www.morplastik.com\/index.php?rest_route=%2Fwp%2Fv2%2Fproduct_cat&post=5784"},{"taxonomy":"product_tag","embeddable":true,"href":"https:\/\/www.morplastik.com\/index.php?rest_route=%2Fwp%2Fv2%2Fproduct_tag&post=5784"}],"curies":[{"name":"wp","href":"https:\/\/api.w.org\/{rel}","templated":true}]}}