{"id":6060,"date":"2022-06-07T00:29:36","date_gmt":"2022-06-06T21:29:36","guid":{"rendered":"https:\/\/morplastik.com\/?post_type=product&amp;p=6060"},"modified":"2022-06-07T00:29:36","modified_gmt":"2022-06-06T21:29:36","slug":"parlak-yeni-metalik-inci","status":"publish","type":"product","link":"https:\/\/www.morplastik.com\/?product=parlak-yeni-metalik-inci","title":{"rendered":"PARLAK YEN\u0130 METAL\u0130K \u0130NC\u0130"},"content":{"rendered":"","protected":false},"excerpt":{"rendered":"","protected":false},"featured_media":6062,"comment_status":"closed","ping_status":"closed","template":"","meta":[],"product_cat":[349,273],"product_tag":[176,228,258,272,274],"class_list":{"0":"post-6060","1":"product","2":"type-product","3":"status-publish","4":"has-post-thumbnail","6":"product_cat-parlak-desenli-pvc-kenar-bantlari","7":"product_cat-pvc-kenar-bantlari","8":"product_tag-kenarbant","9":"product_tag-metalik-inci","10":"product_tag-parlak-yeni-metalik-inci","11":"product_tag-pvc","12":"product_tag-pvc-kenarbant","14":"first","15":"instock","16":"shipping-taxable","17":"product-type-simple"},"_links":{"self":[{"href":"https:\/\/www.morplastik.com\/index.php?rest_route=\/wp\/v2\/product\/6060","targetHints":{"allow":["GET"]}}],"collection":[{"href":"https:\/\/www.morplastik.com\/index.php?rest_route=\/wp\/v2\/product"}],"about":[{"href":"https:\/\/www.morplastik.com\/index.php?rest_route=\/wp\/v2\/types\/product"}],"replies":[{"embeddable":true,"href":"https:\/\/www.morplastik.com\/index.php?rest_route=%2Fwp%2Fv2%2Fcomments&post=6060"}],"wp:featuredmedia":[{"embeddable":true,"href":"https:\/\/www.morplastik.com\/index.php?rest_route=\/wp\/v2\/media\/6062"}],"wp:attachment":[{"href":"https:\/\/www.morplastik.com\/index.php?rest_route=%2Fwp%2Fv2%2Fmedia&parent=6060"}],"wp:term":[{"taxonomy":"product_cat","embeddable":true,"href":"https:\/\/www.morplastik.com\/index.php?rest_route=%2Fwp%2Fv2%2Fproduct_cat&post=6060"},{"taxonomy":"product_tag","embeddable":true,"href":"https:\/\/www.morplastik.com\/index.php?rest_route=%2Fwp%2Fv2%2Fproduct_tag&post=6060"}],"curies":[{"name":"wp","href":"https:\/\/api.w.org\/{rel}","templated":true}]}}