{"id":6078,"date":"2022-06-07T00:48:35","date_gmt":"2022-06-06T21:48:35","guid":{"rendered":"https:\/\/morplastik.com\/?post_type=product&amp;p=6078"},"modified":"2022-06-07T00:48:35","modified_gmt":"2022-06-06T21:48:35","slug":"parlak-metalik-inci","status":"publish","type":"product","link":"https:\/\/www.morplastik.com\/?product=parlak-metalik-inci","title":{"rendered":"PARLAK METAL\u0130K \u0130NC\u0130"},"content":{"rendered":"","protected":false},"excerpt":{"rendered":"","protected":false},"featured_media":6079,"comment_status":"closed","ping_status":"closed","template":"","meta":[],"product_cat":[349,273],"product_tag":[157,176,228,256,272,274],"class_list":{"0":"post-6078","1":"product","2":"type-product","3":"status-publish","4":"has-post-thumbnail","6":"product_cat-parlak-desenli-pvc-kenar-bantlari","7":"product_cat-pvc-kenar-bantlari","8":"product_tag-inci","9":"product_tag-kenarbant","10":"product_tag-metalik-inci","11":"product_tag-parlak-metalik-inci","12":"product_tag-pvc","13":"product_tag-pvc-kenarbant","15":"first","16":"instock","17":"shipping-taxable","18":"product-type-simple"},"_links":{"self":[{"href":"https:\/\/www.morplastik.com\/index.php?rest_route=\/wp\/v2\/product\/6078","targetHints":{"allow":["GET"]}}],"collection":[{"href":"https:\/\/www.morplastik.com\/index.php?rest_route=\/wp\/v2\/product"}],"about":[{"href":"https:\/\/www.morplastik.com\/index.php?rest_route=\/wp\/v2\/types\/product"}],"replies":[{"embeddable":true,"href":"https:\/\/www.morplastik.com\/index.php?rest_route=%2Fwp%2Fv2%2Fcomments&post=6078"}],"wp:featuredmedia":[{"embeddable":true,"href":"https:\/\/www.morplastik.com\/index.php?rest_route=\/wp\/v2\/media\/6079"}],"wp:attachment":[{"href":"https:\/\/www.morplastik.com\/index.php?rest_route=%2Fwp%2Fv2%2Fmedia&parent=6078"}],"wp:term":[{"taxonomy":"product_cat","embeddable":true,"href":"https:\/\/www.morplastik.com\/index.php?rest_route=%2Fwp%2Fv2%2Fproduct_cat&post=6078"},{"taxonomy":"product_tag","embeddable":true,"href":"https:\/\/www.morplastik.com\/index.php?rest_route=%2Fwp%2Fv2%2Fproduct_tag&post=6078"}],"curies":[{"name":"wp","href":"https:\/\/api.w.org\/{rel}","templated":true}]}}